{"id":2021,"date":"2024-10-24T14:50:13","date_gmt":"2024-10-24T12:50:13","guid":{"rendered":"https:\/\/www.secretdare.com\/?page_id=2021"},"modified":"2025-10-09T23:34:11","modified_gmt":"2025-10-09T21:34:11","slug":"over-secret-dare","status":"publish","type":"page","link":"https:\/\/www.secretdare.com\/nl\/over-secret-dare\/","title":{"rendered":"Over"},"content":{"rendered":"\n<h2 class=\"wp-block-heading\">Een ontspannen, respectvolle omgeving<\/h2>\n\n\n\n<p>In veel casual dating apps kunnen vrouwen overweldigd worden door de sfeer en het aantal mannen, en mannen hebben het gevoel dat ze iets verkeerd doen. Dit geldt vooral voor heteroseksuele mannen en vrouwen. Bij Secret Dare bieden we een meer ontspannen manier om met elkaar in contact te komen. We vinden dat flirterig zijn iets moois is en we willen je helpen om het te ontdekken.<\/p>\n\n\n\n<p>We houden het aantal mannen en vrouwen in balans, zodat vrouwen niet overweldigd worden door berichten en mannen niet het gevoel hebben dat ze voortdurend worden afgewezen. Bij ons is dat niet het geval. Controleer iemands Karma-punten om te zien of diegene betrouwbaar is, maak een connectie door Truth or Dare te spelen en spreek af om het wat pittiger te maken.<\/p>\n\n\n\n<p>Deze balans is over het algemeen niet van toepassing op lesbische, homo- of koppelprofielen, waar de interactie van nature meer zelfregulerend is.<\/p>\n\n\n\n<h2 class=\"wp-block-heading\">Een ruimte om je fantasie\u00ebn te verkennen<\/h2>\n\n\n\n<p>Secret Dare is een plek waar mensen elkaar kunnen ontmoeten om hun verlangens en fantasie\u00ebn te uiten en te vervullen. Of je interesses nu speels of diep persoonlijk zijn, je bent welkom om jezelf te zijn.<\/p>\n\n\n\n<h2 class=\"wp-block-heading\">Gemakkelijke en leuke manieren om contact te maken<\/h2>\n\n\n\n<p>Interactie wordt gemakkelijker gemaakt door features zoals het Truth or Dare spel, Chat en Video Chat. Of je nu op zoek bent naar een \u00e9\u00e9n-op-\u00e9\u00e9n connectie of iets speelsers, er is een manier om het ijs te breken.<\/p>\n\n\n\n<h2 class=\"wp-block-heading\">Onze leden<\/h2>\n\n\n\n<p>Onze leden zijn over het algemeen ruimdenkende mensen, hetero&#8217;s, homo&#8217;s, lesbiennes en biseksuelen, en koppels, die hun gedachten willen leven en zichzelf willen uiten. Sommigen zijn op zoek naar iets spontaans, terwijl anderen op zoek zijn naar iets langdurigers. Sommigen hebben een specifieke wens of gedachte, die ze normaal gesproken niet hardop zouden zeggen.<\/p>\n\n\n\n<h2 class=\"wp-block-heading\">Ontmoet elkaar en maak het echt<\/h2>\n\n\n\n<p>Veel leden komen hier om iemand te vinden die een fantasie deelt &#8211; en soms vormen ze zelfs een groep om die fantasie tot leven te brengen. Ons platform maakt het makkelijk om contact te leggen en samen echte ervaringen op te doen.<\/p>\n\n\n\n<h2 class=\"wp-block-heading\">Ontdek specifieke verlangens<\/h2>\n\n\n\n<p>Op zoek naar iets specifieks? Onze krachtige zoekfunctie helpt je om leden te vinden op basis van gedeelde interesses en fantasie\u00ebn, hoe uniek ze ook mogen zijn.<\/p>\n\n\n\n<h2 class=\"wp-block-heading\">Authentiek, priv\u00e9 en veilig<\/h2>\n\n\n\n<p>Secret Dare hecht veel waarde aan authenticiteit en privacy. We gebruiken geen chatbots, staan geen nepprofielen toe en beschermen strikt de privacy van onze leden. Spam en advertenties zijn niet toegestaan en nepprofielen of pogingen tot identiteitsdiefstal worden onmiddellijk verwijderd. We gebruiken geen cookies van derden en je kunt zelf je locatie kiezen. Je openbare foto&#8217;s kunnen alleen bekeken worden door andere geregistreerde leden, en je priv\u00e9foto&#8217;s alleen door vrienden die met je verbonden zijn.<\/p>\n","protected":false},"excerpt":{"rendered":"<p>Een ontspannen, respectvolle omgeving In veel casual dating apps kunnen vrouwen overweldigd worden door de sfeer en het aantal mannen, en mannen hebben het gevoel dat ze iets verkeerd doen. Dit geldt vooral voor heteroseksuele mannen en vrouwen. Bij Secret Dare bieden we een meer ontspannen manier om met elkaar in contact te komen. We [&hellip;]<\/p>\n","protected":false},"author":2,"featured_media":0,"parent":0,"menu_order":27,"comment_status":"closed","ping_status":"closed","template":"","meta":{"_themeisle_gutenberg_block_has_review":false,"footnotes":""},"class_list":["post-2021","page","type-page","status-publish","hentry"],"yoast_head":"<!-- This site is optimized with the Yoast SEO plugin v26.6 - https:\/\/yoast.com\/wordpress\/plugins\/seo\/ -->\n<title>Over - Secret Dare<\/title>\n<meta name=\"description\" content=\"A place where people can meet, who want to express and fulfill their desires. Where interaction is more easy, with games, chat and videochat.\" \/>\n<meta name=\"robots\" content=\"noindex, nofollow\" \/>\n<meta property=\"og:locale\" content=\"nl_NL\" \/>\n<meta property=\"og:type\" content=\"article\" \/>\n<meta property=\"og:title\" content=\"Over - Secret Dare\" \/>\n<meta property=\"og:description\" content=\"A place where people can meet, who want to express and fulfill their desires. Where interaction is more easy, with games, chat and videochat.\" \/>\n<meta property=\"og:url\" content=\"https:\/\/www.secretdare.com\/nl\/over-secret-dare\/\" \/>\n<meta property=\"og:site_name\" content=\"Secret Dare\" \/>\n<meta property=\"article:modified_time\" content=\"2025-10-09T21:34:11+00:00\" \/>\n<meta name=\"twitter:card\" content=\"summary_large_image\" \/>\n<meta name=\"twitter:label1\" content=\"Geschatte leestijd\" \/>\n\t<meta name=\"twitter:data1\" content=\"5 minuten\" \/>\n<script type=\"application\/ld+json\" class=\"yoast-schema-graph\">{\"@context\":\"https:\/\/schema.org\",\"@graph\":[{\"@type\":\"WebPage\",\"@id\":\"https:\/\/www.secretdare.com\/nl\/over-secret-dare\/\",\"url\":\"https:\/\/www.secretdare.com\/nl\/over-secret-dare\/\",\"name\":\"Over - Secret Dare\",\"isPartOf\":{\"@id\":\"https:\/\/www.secretdare.com\/nl\/#website\"},\"datePublished\":\"2024-10-24T12:50:13+00:00\",\"dateModified\":\"2025-10-09T21:34:11+00:00\",\"description\":\"A place where people can meet, who want to express and fulfill their desires. Where interaction is more easy, with games, chat and videochat.\",\"breadcrumb\":{\"@id\":\"https:\/\/www.secretdare.com\/nl\/over-secret-dare\/#breadcrumb\"},\"inLanguage\":\"nl-NL\",\"potentialAction\":[{\"@type\":\"ReadAction\",\"target\":[\"https:\/\/www.secretdare.com\/nl\/over-secret-dare\/\"]}]},{\"@type\":\"BreadcrumbList\",\"@id\":\"https:\/\/www.secretdare.com\/nl\/over-secret-dare\/#breadcrumb\",\"itemListElement\":[{\"@type\":\"ListItem\",\"position\":1,\"name\":\"Home\",\"item\":\"https:\/\/www.secretdare.com\/nl\/\"},{\"@type\":\"ListItem\",\"position\":2,\"name\":\"Over\"}]},{\"@type\":\"WebSite\",\"@id\":\"https:\/\/www.secretdare.com\/nl\/#website\",\"url\":\"https:\/\/www.secretdare.com\/nl\/\",\"name\":\"Secret Dare\",\"description\":\"The #1 Casual Dating Community\",\"potentialAction\":[{\"@type\":\"SearchAction\",\"target\":{\"@type\":\"EntryPoint\",\"urlTemplate\":\"https:\/\/www.secretdare.com\/nl\/?s={search_term_string}\"},\"query-input\":{\"@type\":\"PropertyValueSpecification\",\"valueRequired\":true,\"valueName\":\"search_term_string\"}}],\"inLanguage\":\"nl-NL\"}]}<\/script>\n<!-- \/ Yoast SEO plugin. -->","yoast_head_json":{"title":"Over - Secret Dare","description":"A place where people can meet, who want to express and fulfill their desires. Where interaction is more easy, with games, chat and videochat.","robots":{"index":"noindex","follow":"nofollow"},"og_locale":"nl_NL","og_type":"article","og_title":"Over - Secret Dare","og_description":"A place where people can meet, who want to express and fulfill their desires. Where interaction is more easy, with games, chat and videochat.","og_url":"https:\/\/www.secretdare.com\/nl\/over-secret-dare\/","og_site_name":"Secret Dare","article_modified_time":"2025-10-09T21:34:11+00:00","twitter_card":"summary_large_image","twitter_misc":{"Geschatte leestijd":"5 minuten"},"schema":{"@context":"https:\/\/schema.org","@graph":[{"@type":"WebPage","@id":"https:\/\/www.secretdare.com\/nl\/over-secret-dare\/","url":"https:\/\/www.secretdare.com\/nl\/over-secret-dare\/","name":"Over - Secret Dare","isPartOf":{"@id":"https:\/\/www.secretdare.com\/nl\/#website"},"datePublished":"2024-10-24T12:50:13+00:00","dateModified":"2025-10-09T21:34:11+00:00","description":"A place where people can meet, who want to express and fulfill their desires. Where interaction is more easy, with games, chat and videochat.","breadcrumb":{"@id":"https:\/\/www.secretdare.com\/nl\/over-secret-dare\/#breadcrumb"},"inLanguage":"nl-NL","potentialAction":[{"@type":"ReadAction","target":["https:\/\/www.secretdare.com\/nl\/over-secret-dare\/"]}]},{"@type":"BreadcrumbList","@id":"https:\/\/www.secretdare.com\/nl\/over-secret-dare\/#breadcrumb","itemListElement":[{"@type":"ListItem","position":1,"name":"Home","item":"https:\/\/www.secretdare.com\/nl\/"},{"@type":"ListItem","position":2,"name":"Over"}]},{"@type":"WebSite","@id":"https:\/\/www.secretdare.com\/nl\/#website","url":"https:\/\/www.secretdare.com\/nl\/","name":"Secret Dare","description":"The #1 Casual Dating Community","potentialAction":[{"@type":"SearchAction","target":{"@type":"EntryPoint","urlTemplate":"https:\/\/www.secretdare.com\/nl\/?s={search_term_string}"},"query-input":{"@type":"PropertyValueSpecification","valueRequired":true,"valueName":"search_term_string"}}],"inLanguage":"nl-NL"}]}},"_links":{"self":[{"href":"https:\/\/www.secretdare.com\/nl\/wp-json\/wp\/v2\/pages\/2021","targetHints":{"allow":["GET"]}}],"collection":[{"href":"https:\/\/www.secretdare.com\/nl\/wp-json\/wp\/v2\/pages"}],"about":[{"href":"https:\/\/www.secretdare.com\/nl\/wp-json\/wp\/v2\/types\/page"}],"author":[{"embeddable":true,"href":"https:\/\/www.secretdare.com\/nl\/wp-json\/wp\/v2\/users\/2"}],"replies":[{"embeddable":true,"href":"https:\/\/www.secretdare.com\/nl\/wp-json\/wp\/v2\/comments?post=2021"}],"version-history":[{"count":5,"href":"https:\/\/www.secretdare.com\/nl\/wp-json\/wp\/v2\/pages\/2021\/revisions"}],"predecessor-version":[{"id":2235,"href":"https:\/\/www.secretdare.com\/nl\/wp-json\/wp\/v2\/pages\/2021\/revisions\/2235"}],"wp:attachment":[{"href":"https:\/\/www.secretdare.com\/nl\/wp-json\/wp\/v2\/media?parent=2021"}],"curies":[{"name":"wp","href":"https:\/\/api.w.org\/{rel}","templated":true}]}}