{"id":1916,"date":"2025-05-01T18:04:16","date_gmt":"2025-05-01T16:04:16","guid":{"rendered":"https:\/\/www.secretdare.com\/?page_id=1916"},"modified":"2025-11-20T12:47:40","modified_gmt":"2025-11-20T11:47:40","slug":"hoe-truth-or-dare-online-te-spelen-voor-volwassenen-een-beginnersgids","status":"publish","type":"page","link":"https:\/\/www.secretdare.com\/nl\/hoe-truth-or-dare-online-te-spelen-voor-volwassenen-een-beginnersgids\/","title":{"rendered":"Hoe Truth Or Dare Online Te Spelen Voor Volwassenen &#8211; Een Beginnersgids"},"content":{"rendered":"\n<p>Een Truth or Dare spel spelen op een feestje kan heel leuk zijn. En het is ook praktisch, want zo kun je controleren of iemand echt de uitdaging aangaat, of de waarheid vertelt. Als je het echter online wilt spelen met iemand die je niet kent, is dit iets moeilijker. Deze gids legt uit hoe je dit spel online kunt spelen door je tips en trucs te geven.<\/p>\n\n\n\n<h2 class=\"wp-block-heading\">Waarom dit spel spelen?<\/h2>\n\n\n\n<p>Het kan een opwindend gevoel geven om een opdracht te moeten doen. Je geeft jezelf over en je moet iets doen voor de ander. Het is duidelijk wat je moet doen en je hoeft niet verder na te denken. Je doet actief iets voor een ander en je rekent op diens acceptatie. Het is heel kwetsbaar om jezelf over te geven en het kan heel persoonlijk en intiem worden. Als je dit spel speelt, laat je jezelf en je innerlijke verlangens zien.<\/p>\n\n\n\n<p>Als de uitdrukkingen seksueler worden, is het nog sterker. Je stelt je kwetsbaarder op en je voelt je geweldig dat je deze fantasie hebt beleefd. En dat er iemand anders is die hetzelfde heeft en dat je deze intieme ervaring met hem of haar kunt delen.<\/p>\n\n\n\n<h2 class=\"wp-block-heading\">Wat is Truth or Dare?<\/h2>\n\n\n\n<p>In een &nbsp;Truth or Dare-spel&nbsp;kan een persoon kiezen voor \u2018Truth\u2019 (waarheid) of \u2018Dare\u2019 (uitdaging). Als iemand &#8216;Truth&#8217; kiest, moet hij of zij een vraag eerlijk beantwoorden. Als dit met een groep vrienden wordt gespeeld, kan men zien of de persoon liegt, als een van zijn of haar vrienden de echte waarheid kent, of gewoon door de persoon die spreekt te observeren. Het kiezen van &#8216;Truth&#8217; in een online spel is gebaseerd op vertrouwen, en er is geen manier om er zeker van te zijn dat de waarheid echt wordt verteld.<\/p>\n\n\n\n<p><br>Als iemand &#8216;Dare&#8217; kiest, moet hij of zij een opdracht uitvoeren. Dit kan van alles zijn. Mensen van alle leeftijden spelen dit spel, en voor volwassenen kan het behoorlijk verleidelijk worden. Als je <a rel=\"noreferrer noopener\" href=\"https:\/\/www.secretdare.com\/nl\/truth-or-dare-online-video-chat-secret-dare\/\" target=\"_blank\">Truth or Dare online<\/a> speelt met iemand die je niet kent, rijzen er enkele vragen. Hoe weet ik of de ander zijn of haar dare heeft volbracht? Wat als ik iets vraag, maar er gebeurt niets? Wat als ik mijn dare doe, maar ik krijg geen reactie van de ander? Wat als ik een dare moet doen, maar ik wil dat echt niet? In deze gids gaan we in op deze vragen en richten we ons op de &#8216;Dare&#8217;. Online opdrachten doen en geven.<\/p>\n\n\n\n<h2 class=\"wp-block-heading\">Hoe te beginnen<\/h2>\n\n\n\n<p>Als je iemand hebt gevonden om het spel mee te spelen, is het misschien een goed idee om rustig te beginnen en vertrouwen op te bouwen. Als je rustig begint, raken jullie aan elkaar gewend en hoe meer vertrouwen er is, hoe uitdagender de dares kunnen worden. Begin dus rustig en wees aardig.<\/p>\n\n\n\n<p><a href=\"https:\/\/twitter.com\/intent\/tweet?text=How%20to%20Play%20Truth%20or%20Dare%20Online%20for%20Adults%20-% 20Artikel%20door%20secretdare.com%20%23truthordare%20https%3A%2F%2Fwww.secretdare.com%2Fmagazine%2Fplay-truth-or-dare-online-adults\">&nbsp;&nbsp;Tweet dit: \u201cArtikel over hoe je Truth or Dare Online voor volwassenen speelt\u201d<\/a><\/p>\n\n\n\n<h2 class=\"wp-block-heading\">Hoe je de Dare kunt verifi\u00ebren met foto&#8217;s<\/h2>\n\n\n\n<p>Je kunt een opdracht geven, maar het is belangrijk dat de dare wordt gecontroleerd. De eenvoudigste manier om dit te doen, is door om een foto te vragen. Bedenk dus een opdracht waarbij een foto kan worden gemaakt als bewijs.<\/p>\n\n\n\n<p>Nu de ander weet dat hij of zij een foto moet maken, wil je er zeker van zijn dat de foto niet van iemand anders is of eerder is gemaakt. Je wilt er zeker van zijn dat deze foto voor jou is gemaakt.<\/p>\n\n\n\n<p>Om dit te doen, kun je de foto personaliseren. Voeg een extra voorwaarde toe, zoals \u2018laat een sinaasappel zien op de foto\u2019 of \u2018schrijf mijn naam ergens op\u2019. Op deze manier weet je zeker dat de opdracht is uitgevoerd.<\/p>\n\n\n\n<h2 class=\"wp-block-heading\">Sluit een Dare Deal<\/h2>\n\n\n\n<p>Als je een Dare hebt voltooid en je foto hebt verstuurd, heeft de andere persoon nu een priv\u00e9foto van je. Dat is natuurlijk het idee van het spel. Je kunt de inzet echter verhogen door iets in ruil te vragen. In dat geval hebben jullie allebei een priv\u00e9foto, en is het leuk dat jullie allebei iets voor de ander moeten doen. <\/p>\n\n\n\n<h2 class=\"wp-block-heading\">Beoordeling van de Dare Deal<\/h2>\n\n\n\n<p>Bij een Dare Deal kunnen jullie elkaar een foto sturen. Het is leuk om ervoor te zorgen dat beide partijen zich aan hun deel van de afspraak houden. Anders kan het gebeuren dat de ene persoon zijn best heeft gedaan om de Dare uit te voeren, en de andere persoon niet. Je kunt dit bereiken door een derde partij beide dares te laten beoordelen, om er zeker van te zijn dat je je opdracht hebt volbracht. <\/p>\n\n\n\n<h2 class=\"wp-block-heading\">Een dare afwijzen<\/h2>\n\n\n\n<p>Als je een uitdaging echt niet wilt doen omdat je het echt niet leuk vindt, of als je de uitdaging specifiek voor de andere persoon niet wilt doen, kun je deze altijd weigeren. Je kunt een reden voor de weigering geven, zodat de andere persoon weet wat hij of zij vervolgens moet doen. Misschien een andere uitdaging proberen, of een andere uitdagingspartner zoeken. <\/p>\n\n\n\n<h2 class=\"wp-block-heading\">Gevorderd: Videochat<\/h2>\n\n\n\n<p>Het gebruik van videochat voor Truth or Dare heeft voor- en nadelen. Een voordeel is dat je de ander direct kunt zien en direct moet reageren. Als je echter nog niet eerder met de ander hebt gecommuniceerd en videochat je eerste contact is, kan het ook nadelen hebben. Sommige dingen zijn nog niet duidelijk. Bijvoorbeeld: wie geeft de opdrachten en wie voert ze uit? Wat voor soort opdrachten zijn het, wat zijn de grenzen?<\/p>\n\n\n\n<p><br>Bovendien, en nog belangrijker, is er vooraf geen vertrouwen. Je weet niet zeker of je een band met de ander zult krijgen. Ons advies is om rustig te beginnen, elkaar te leren kennen via berichten en chat, een paar uitdagingen te doen met foto&#8217;s, en dan zal de videochat-sessie die je later kunt doen, veel beter verlopen. <\/p>\n\n\n\n<h2 class=\"wp-block-heading\">Een complete gids voor Truth or Dare Online<\/h2>\n\n\n\n<p>Als je meer wilt weten over hoe je Truth or Dare voor volwassenen online kunt spelen, kun je deze\u00a0<a href=\"https:\/\/www.secretdare.com\/nl\/truth-or-dare-online-video-chat\/\">uitgebreide gids<\/a>\u00a0raadplegen, waarin het spel in meer detail wordt besproken. Of\u00a0<a href=\"https:\/\/www.secretdare.com\/join\">meld je gratis aan<\/a>\u00a0en neem een kijkje.<\/p>\n\n\n\n<p><em><a rel=\"noreferrer noopener\" href=\"https:\/\/www.secretdare.com\/nl\/\" target=\"_blank\">Secretdare.com<\/a>&nbsp;heeft een online Truth or Dare-spel voor volwassenen. Je kunt \u00e9\u00e9n-op-\u00e9\u00e9n spelen en een Dare deal sluiten. Om ervoor te zorgen dat jullie je allebei aan jullie deel van de deal houden, wordt de ge\u00fcploade foto beoordeeld door andere leden. De Dare deal is tussen jou en de andere persoon, daarom wordt de beoordeling anoniem gedaan en wordt de foto lichtjes wazig gemaakt. <\/em><\/p>\n\n\n\n<p><\/p>\n","protected":false},"excerpt":{"rendered":"<p>Een Truth or Dare spel spelen op een feestje kan heel leuk zijn. En het is ook praktisch, want zo kun je controleren of iemand echt de uitdaging aangaat, of de waarheid vertelt. Als je het echter online wilt spelen met iemand die je niet kent, is dit iets moeilijker. Deze gids legt uit hoe [&hellip;]<\/p>\n","protected":false},"author":2,"featured_media":0,"parent":0,"menu_order":1,"comment_status":"closed","ping_status":"closed","template":"","meta":{"_themeisle_gutenberg_block_has_review":false,"footnotes":""},"class_list":["post-1916","page","type-page","status-publish","hentry"],"yoast_head":"<!-- This site is optimized with the Yoast SEO plugin v26.6 - https:\/\/yoast.com\/wordpress\/plugins\/seo\/ -->\n<title>Hoe Truth Or Dare Online Te Spelen Voor Volwassenen - Een Beginnersgids - Secret Dare<\/title>\n<meta name=\"robots\" content=\"index, follow, max-snippet:-1, max-image-preview:large, max-video-preview:-1\" \/>\n<link rel=\"canonical\" href=\"https:\/\/www.secretdare.com\/nl\/hoe-truth-or-dare-online-te-spelen-voor-volwassenen-een-beginnersgids\/\" \/>\n<meta property=\"og:locale\" content=\"nl_NL\" \/>\n<meta property=\"og:type\" content=\"article\" \/>\n<meta property=\"og:title\" content=\"Hoe Truth Or Dare Online Te Spelen Voor Volwassenen - Een Beginnersgids - Secret Dare\" \/>\n<meta property=\"og:description\" content=\"Een Truth or Dare spel spelen op een feestje kan heel leuk zijn. En het is ook praktisch, want zo kun je controleren of iemand echt de uitdaging aangaat, of de waarheid vertelt. Als je het echter online wilt spelen met iemand die je niet kent, is dit iets moeilijker. Deze gids legt uit hoe [&hellip;]\" \/>\n<meta property=\"og:url\" content=\"https:\/\/www.secretdare.com\/nl\/hoe-truth-or-dare-online-te-spelen-voor-volwassenen-een-beginnersgids\/\" \/>\n<meta property=\"og:site_name\" content=\"Secret Dare\" \/>\n<meta property=\"article:modified_time\" content=\"2025-11-20T11:47:40+00:00\" \/>\n<meta name=\"twitter:card\" content=\"summary_large_image\" \/>\n<meta name=\"twitter:label1\" content=\"Geschatte leestijd\" \/>\n\t<meta name=\"twitter:data1\" content=\"7 minuten\" \/>\n<script type=\"application\/ld+json\" class=\"yoast-schema-graph\">{\"@context\":\"https:\/\/schema.org\",\"@graph\":[{\"@type\":\"WebPage\",\"@id\":\"https:\/\/www.secretdare.com\/nl\/hoe-truth-or-dare-online-te-spelen-voor-volwassenen-een-beginnersgids\/\",\"url\":\"https:\/\/www.secretdare.com\/nl\/hoe-truth-or-dare-online-te-spelen-voor-volwassenen-een-beginnersgids\/\",\"name\":\"Hoe Truth Or Dare Online Te Spelen Voor Volwassenen - Een Beginnersgids - Secret Dare\",\"isPartOf\":{\"@id\":\"https:\/\/www.secretdare.com\/nl\/#website\"},\"datePublished\":\"2025-05-01T16:04:16+00:00\",\"dateModified\":\"2025-11-20T11:47:40+00:00\",\"breadcrumb\":{\"@id\":\"https:\/\/www.secretdare.com\/nl\/hoe-truth-or-dare-online-te-spelen-voor-volwassenen-een-beginnersgids\/#breadcrumb\"},\"inLanguage\":\"nl-NL\",\"potentialAction\":[{\"@type\":\"ReadAction\",\"target\":[\"https:\/\/www.secretdare.com\/nl\/hoe-truth-or-dare-online-te-spelen-voor-volwassenen-een-beginnersgids\/\"]}]},{\"@type\":\"BreadcrumbList\",\"@id\":\"https:\/\/www.secretdare.com\/nl\/hoe-truth-or-dare-online-te-spelen-voor-volwassenen-een-beginnersgids\/#breadcrumb\",\"itemListElement\":[{\"@type\":\"ListItem\",\"position\":1,\"name\":\"Home\",\"item\":\"https:\/\/www.secretdare.com\/nl\/\"},{\"@type\":\"ListItem\",\"position\":2,\"name\":\"Hoe Truth Or Dare Online Te Spelen Voor Volwassenen &#8211; Een Beginnersgids\"}]},{\"@type\":\"WebSite\",\"@id\":\"https:\/\/www.secretdare.com\/nl\/#website\",\"url\":\"https:\/\/www.secretdare.com\/nl\/\",\"name\":\"Secret Dare\",\"description\":\"The #1 Casual Dating Community\",\"potentialAction\":[{\"@type\":\"SearchAction\",\"target\":{\"@type\":\"EntryPoint\",\"urlTemplate\":\"https:\/\/www.secretdare.com\/nl\/?s={search_term_string}\"},\"query-input\":{\"@type\":\"PropertyValueSpecification\",\"valueRequired\":true,\"valueName\":\"search_term_string\"}}],\"inLanguage\":\"nl-NL\"}]}<\/script>\n<!-- \/ Yoast SEO plugin. -->","yoast_head_json":{"title":"Hoe Truth Or Dare Online Te Spelen Voor Volwassenen - Een Beginnersgids - Secret Dare","robots":{"index":"index","follow":"follow","max-snippet":"max-snippet:-1","max-image-preview":"max-image-preview:large","max-video-preview":"max-video-preview:-1"},"canonical":"https:\/\/www.secretdare.com\/nl\/hoe-truth-or-dare-online-te-spelen-voor-volwassenen-een-beginnersgids\/","og_locale":"nl_NL","og_type":"article","og_title":"Hoe Truth Or Dare Online Te Spelen Voor Volwassenen - Een Beginnersgids - Secret Dare","og_description":"Een Truth or Dare spel spelen op een feestje kan heel leuk zijn. En het is ook praktisch, want zo kun je controleren of iemand echt de uitdaging aangaat, of de waarheid vertelt. Als je het echter online wilt spelen met iemand die je niet kent, is dit iets moeilijker. Deze gids legt uit hoe [&hellip;]","og_url":"https:\/\/www.secretdare.com\/nl\/hoe-truth-or-dare-online-te-spelen-voor-volwassenen-een-beginnersgids\/","og_site_name":"Secret Dare","article_modified_time":"2025-11-20T11:47:40+00:00","twitter_card":"summary_large_image","twitter_misc":{"Geschatte leestijd":"7 minuten"},"schema":{"@context":"https:\/\/schema.org","@graph":[{"@type":"WebPage","@id":"https:\/\/www.secretdare.com\/nl\/hoe-truth-or-dare-online-te-spelen-voor-volwassenen-een-beginnersgids\/","url":"https:\/\/www.secretdare.com\/nl\/hoe-truth-or-dare-online-te-spelen-voor-volwassenen-een-beginnersgids\/","name":"Hoe Truth Or Dare Online Te Spelen Voor Volwassenen - Een Beginnersgids - Secret Dare","isPartOf":{"@id":"https:\/\/www.secretdare.com\/nl\/#website"},"datePublished":"2025-05-01T16:04:16+00:00","dateModified":"2025-11-20T11:47:40+00:00","breadcrumb":{"@id":"https:\/\/www.secretdare.com\/nl\/hoe-truth-or-dare-online-te-spelen-voor-volwassenen-een-beginnersgids\/#breadcrumb"},"inLanguage":"nl-NL","potentialAction":[{"@type":"ReadAction","target":["https:\/\/www.secretdare.com\/nl\/hoe-truth-or-dare-online-te-spelen-voor-volwassenen-een-beginnersgids\/"]}]},{"@type":"BreadcrumbList","@id":"https:\/\/www.secretdare.com\/nl\/hoe-truth-or-dare-online-te-spelen-voor-volwassenen-een-beginnersgids\/#breadcrumb","itemListElement":[{"@type":"ListItem","position":1,"name":"Home","item":"https:\/\/www.secretdare.com\/nl\/"},{"@type":"ListItem","position":2,"name":"Hoe Truth Or Dare Online Te Spelen Voor Volwassenen &#8211; Een Beginnersgids"}]},{"@type":"WebSite","@id":"https:\/\/www.secretdare.com\/nl\/#website","url":"https:\/\/www.secretdare.com\/nl\/","name":"Secret Dare","description":"The #1 Casual Dating Community","potentialAction":[{"@type":"SearchAction","target":{"@type":"EntryPoint","urlTemplate":"https:\/\/www.secretdare.com\/nl\/?s={search_term_string}"},"query-input":{"@type":"PropertyValueSpecification","valueRequired":true,"valueName":"search_term_string"}}],"inLanguage":"nl-NL"}]}},"_links":{"self":[{"href":"https:\/\/www.secretdare.com\/nl\/wp-json\/wp\/v2\/pages\/1916","targetHints":{"allow":["GET"]}}],"collection":[{"href":"https:\/\/www.secretdare.com\/nl\/wp-json\/wp\/v2\/pages"}],"about":[{"href":"https:\/\/www.secretdare.com\/nl\/wp-json\/wp\/v2\/types\/page"}],"author":[{"embeddable":true,"href":"https:\/\/www.secretdare.com\/nl\/wp-json\/wp\/v2\/users\/2"}],"replies":[{"embeddable":true,"href":"https:\/\/www.secretdare.com\/nl\/wp-json\/wp\/v2\/comments?post=1916"}],"version-history":[{"count":25,"href":"https:\/\/www.secretdare.com\/nl\/wp-json\/wp\/v2\/pages\/1916\/revisions"}],"predecessor-version":[{"id":2447,"href":"https:\/\/www.secretdare.com\/nl\/wp-json\/wp\/v2\/pages\/1916\/revisions\/2447"}],"wp:attachment":[{"href":"https:\/\/www.secretdare.com\/nl\/wp-json\/wp\/v2\/media?parent=1916"}],"curies":[{"name":"wp","href":"https:\/\/api.w.org\/{rel}","templated":true}]}}